{"id":9,"date":"2025-07-01T11:21:06","date_gmt":"2025-07-01T11:21:06","guid":{"rendered":"https:\/\/novyweb.zsnizbor.cz\/druzina\/?page_id=9"},"modified":"2025-11-12T16:41:13","modified_gmt":"2025-11-12T16:41:13","slug":"krouzky","status":"publish","type":"page","link":"https:\/\/www.zsnizbor.cz\/druzina\/aktivity\/krouzky\/","title":{"rendered":"Krou\u017eky"},"content":{"rendered":"<div class=\"content-title\">\n<p><span style=\"font-size: 18pt;color: #0000ff\"><strong>Nab\u00eddka z\u00e1jmov\u00fdch krou\u017ek\u016f ve \u0161k. roce 2025\/2026<\/strong><\/span><\/p>\n<\/div>\n<p><strong>Pond\u011bl\u00ed\u00a0 \u00a0<\/strong><\/p>\n<ul>\n<li>hudebn\u00ed v\u00fduka pod veden\u00edm pedagoga ze ZU\u0160 Kr\u00e1l\u016fv Dv\u016fr dle rozpisu ZU\u0160<\/li>\n<\/ul>\n<p><strong>\u00dater\u00fd\u00a0<\/strong><\/p>\n<p>&nbsp;<\/p>\n<p><strong>St\u0159eda<\/strong><\/p>\n<ul>\n<li>hudebn\u00ed v\u00fduka pod veden\u00edm pedagoga ze ZU\u0160 Kr\u00e1l\u016fv Dv\u016fr dle rozpisu ZU<\/li>\n<\/ul>\n<p><strong>\u010ctvrtek<\/strong><\/p>\n<ul>\n<li>hudebn\u00ed v\u00fduka pod veden\u00edm pedagoga ze ZU\u0160 Kr\u00e1l\u016fv Dv\u016fr dle rozpisu ZU\u0160<\/li>\n<li>13.15 &#8211; 14.00 h Angli\u010dtina s Jimmym I. skupina (1. t\u0159.)<\/li>\n<li>14.05 &#8211; 14.50 h Angli\u010dtina s Jimmym II. skupina (2. t\u0159.)<\/li>\n<\/ul>\n<p><strong>P\u00e1tek<\/strong><\/p>\n<ul>\n<li>13.00 &#8211; 14.30 h Redak\u010dn\u00ed rada \u0161koln\u00edho \u010dasopisu (1x za 14 dn\u016f)<\/li>\n<li>13.15 &#8211; 14.15 h\u00a0 v\u00fduka hry na kytaru &#8211; Pavel Stol\u00edn<\/li>\n<li>14:30 &#8211; 15.30 Programov\u00e1n\u00ed v programu Scratch &#8211; Pavel Stol\u00edn<\/li>\n<\/ul>\n<p>&nbsp;<\/p>\n<p>Pozn\u00e1mka: Hudebn\u00ed krou\u017eek provozovan\u00fd v na\u0161\u00ed \u0161kole je veden pedagogy ze ZU\u0160 Kr\u00e1l\u016fv Dv\u016fr a plat\u00ed pro n\u011bj pravidla dan\u00e9 ZU\u0160.<\/p>\n<p><a class=\"ctaB\" href=\"http:\/\/www.szustauberova.cz\/\" target=\"_blank\" rel=\"noopener noreferrer\">Seznamte se s jej\u00ed \u010dinnost\u00ed zde<\/a><\/p>\n<p>&nbsp;<\/p>\n<h2><span style=\"font-size: 14pt\">ST\u00c1LE HLED\u00c1ME NOV\u00c9 VEDOUC\u00cd Z\u00c1JMOV\u00ddCH KROU\u017dK\u016e PRO \u017d\u00c1KY NA\u0160\u00cd \u0160KOLY <img loading=\"lazy\" decoding=\"async\" class=\"alignleft\" src=\"https:\/\/www.zsjedlova.cz\/img\/picture\/116\/krouzky.jpg\" alt=\"Z\u00e1kladn\u00ed \u0161kola Jedlov\u00e1 - Z\u00e1jmov\u00e9 krou\u017eky\" width=\"241\" height=\"233\" \/><\/span><\/h2>\n<h2><span style=\"font-size: 12pt\">PODM\u00cdNKOU JSOU ALESPO\u0147 MINIM\u00c1LN\u00cd ZKU\u0160ENOSTI S VEDEN\u00cdM KROU\u017dKU.<\/span><\/h2>\n<p>M\u00e1me z\u00e1jem o krou\u017eky p\u0159\u00edrodov\u011bdn\u00e9, turistick\u00e9, v\u011bdeck\u00e9, sportovn\u00ed, hern\u00ed atd.<\/p>\n<p>Pros\u00edm z\u00e1jemce o kontakt na reditelna@zsnizbor.cz<\/p>\n<p>&nbsp;<\/p>\n<p><img loading=\"lazy\" decoding=\"async\" class=\"aligncenter size-large wp-image-1275\" src=\"https:\/\/www.zsnizbor.cz\/druzina\/wp-content\/uploads\/sites\/2\/2025\/07\/2506-ZUSka-Lidinska-Zapis-Plakat-Beroun-NAHLED-724x1024.jpg\" alt=\"\" width=\"724\" height=\"1024\" srcset=\"https:\/\/www.zsnizbor.cz\/druzina\/wp-content\/uploads\/sites\/2\/2025\/07\/2506-ZUSka-Lidinska-Zapis-Plakat-Beroun-NAHLED-724x1024.jpg 724w, https:\/\/www.zsnizbor.cz\/druzina\/wp-content\/uploads\/sites\/2\/2025\/07\/2506-ZUSka-Lidinska-Zapis-Plakat-Beroun-NAHLED-212x300.jpg 212w, https:\/\/www.zsnizbor.cz\/druzina\/wp-content\/uploads\/sites\/2\/2025\/07\/2506-ZUSka-Lidinska-Zapis-Plakat-Beroun-NAHLED-768x1086.jpg 768w, https:\/\/www.zsnizbor.cz\/druzina\/wp-content\/uploads\/sites\/2\/2025\/07\/2506-ZUSka-Lidinska-Zapis-Plakat-Beroun-NAHLED.jpg 1024w\" sizes=\"auto, (max-width: 724px) 100vw, 724px\" \/><\/p>\n","protected":false},"excerpt":{"rendered":"<p>Nab\u00eddka z\u00e1jmov\u00fdch krou\u017ek\u016f ve \u0161k. roce 2025\/2026 Pond\u011bl\u00ed\u00a0 \u00a0 hudebn\u00ed v\u00fduka pod veden\u00edm pedagoga ze [&hellip;]<\/p>\n","protected":false},"author":1,"featured_media":322,"parent":7,"menu_order":1,"comment_status":"closed","ping_status":"closed","template":"","meta":{"_acf_changed":false,"inline_featured_image":false,"footnotes":""},"class_list":["post-9","page","type-page","status-publish","has-post-thumbnail","hentry"],"acf":[],"_links":{"self":[{"href":"https:\/\/www.zsnizbor.cz\/druzina\/wp-json\/wp\/v2\/pages\/9","targetHints":{"allow":["GET"]}}],"collection":[{"href":"https:\/\/www.zsnizbor.cz\/druzina\/wp-json\/wp\/v2\/pages"}],"about":[{"href":"https:\/\/www.zsnizbor.cz\/druzina\/wp-json\/wp\/v2\/types\/page"}],"author":[{"embeddable":true,"href":"https:\/\/www.zsnizbor.cz\/druzina\/wp-json\/wp\/v2\/users\/1"}],"replies":[{"embeddable":true,"href":"https:\/\/www.zsnizbor.cz\/druzina\/wp-json\/wp\/v2\/comments?post=9"}],"version-history":[{"count":35,"href":"https:\/\/www.zsnizbor.cz\/druzina\/wp-json\/wp\/v2\/pages\/9\/revisions"}],"predecessor-version":[{"id":1371,"href":"https:\/\/www.zsnizbor.cz\/druzina\/wp-json\/wp\/v2\/pages\/9\/revisions\/1371"}],"up":[{"embeddable":true,"href":"https:\/\/www.zsnizbor.cz\/druzina\/wp-json\/wp\/v2\/pages\/7"}],"wp:featuredmedia":[{"embeddable":true,"href":"https:\/\/www.zsnizbor.cz\/druzina\/wp-json\/wp\/v2\/media\/322"}],"wp:attachment":[{"href":"https:\/\/www.zsnizbor.cz\/druzina\/wp-json\/wp\/v2\/media?parent=9"}],"curies":[{"name":"wp","href":"https:\/\/api.w.org\/{rel}","templated":true}]}}