{"id":88,"date":"2020-09-17T09:05:31","date_gmt":"2020-09-17T09:05:31","guid":{"rendered":"https:\/\/novyweb.zsnizbor.cz\/druzina\/?page_id=88"},"modified":"2025-11-02T19:09:06","modified_gmt":"2025-11-02T19:09:06","slug":"celorocni-hra","status":"publish","type":"page","link":"https:\/\/www.zsnizbor.cz\/druzina\/aktivity\/celorocni-hra\/","title":{"rendered":"Celoro\u010dn\u00ed hra"},"content":{"rendered":"<p><strong><span style=\"font-size: 18pt\">Zah\u00e1jena nov\u00e1 celoro\u010dn\u00ed hra 2025 \/ 2026 CTNOSTI\u00a0<\/span><\/strong><\/p>\n<p>___________________________________________________________________________________________<\/p>\n<p><strong><span style=\"font-size: 18pt\">Zah\u00e1jena nov\u00e1 celoro\u010dn\u00ed hra 2024 \/ 2025\u00a0<\/span><\/strong><\/p>\n<hr \/>\n<h2>ZAH\u00c1JENA NOV\u00c1 CELORO\u010cN\u00cd HRA 2019 \/ 2020 PUTOV\u00c1N\u00cd \u010cASEM<\/h2>\n<p>Dnes, 1. \u0159\u00edjna to vypuklo &#8211; p\u0159ilet\u011bli <strong>mimozem\u0161\u0165ani<\/strong>! Pod\u00edvejte se do galerie, jak to vypadalo p\u0159i jejich p\u0159\u00edletu! Je pot\u0159eba zachr\u00e1nit lidskou civilizaci a kdo jin\u00fd, ne\u017e vy d\u011bti, to m\u016f\u017ee ud\u011blat?<\/p>\n<p><a class=\"ctaB\" href=\"\/druzina\/album\/zahajeni-celorocni-hry-putovani-casem\/\">fotogalerie<\/a><\/p>\n<hr \/>\n<p>ZAH\u00c1JENA NOV\u00c1 CELORO\u010cN\u00cd HRA 2018 \/ 2019\u00a0<strong>PUTOV\u00c1N\u00cd SE ZV\u00cd\u0158ATY<\/strong><\/p>\n<p>V \u00fater\u00fd\u00a0 2. 10. 2018\u00a0 byla zah\u00e1jena nov\u00e1 celoro\u010dn\u00ed dru\u017einov\u00e1 hra M\u00e1me r\u00e1di zv\u00ed\u0159ata &#8211;\u00a0<strong>Putov\u00e1n\u00ed se zv\u00ed\u0159aty<\/strong>.\u00a0Jde o z\u00e1chranu posledn\u00edho \u017eij\u00edc\u00edho dinosaura, kter\u00fd p\u0159i\u0161el d\u011bti po\u017e\u00e1dat o pomoc a p\u0159inesl jim upe\u010den\u00e9 pern\u00ed\u010dky a zlatou krabici s pokladem, kter\u00fd se po spln\u011bn\u00ed cesty prom\u011bn\u00ed v odm\u011bny. D\u011bti si zvolily kapit\u00e1ny, ti potom sv\u00e9 dru\u017einy se kter\u00fdmi budou plnit \u00fakoly pro z\u00e1chranu dinosaura. Dru\u017einy jsou rozd\u011bleny podle barev a symbol\u016f zv\u00ed\u0159at, tak aby mohly pokryly vodu, vzduch i pevninu. Po rozd\u011blen\u00ed n\u00e1sledovala hostina a malov\u00e1n\u00ed dru\u017einov\u00fdch symbol\u016f.<\/p>\n","protected":false},"excerpt":{"rendered":"<p>Zah\u00e1jena nov\u00e1 celoro\u010dn\u00ed hra 2025 \/ 2026 CTNOSTI\u00a0 ___________________________________________________________________________________________ Zah\u00e1jena nov\u00e1 celoro\u010dn\u00ed hra 2024 \/ [&hellip;]<\/p>\n","protected":false},"author":1,"featured_media":325,"parent":7,"menu_order":4,"comment_status":"closed","ping_status":"closed","template":"","meta":{"_acf_changed":false,"inline_featured_image":false,"footnotes":""},"class_list":["post-88","page","type-page","status-publish","has-post-thumbnail","hentry"],"acf":[],"_links":{"self":[{"href":"https:\/\/www.zsnizbor.cz\/druzina\/wp-json\/wp\/v2\/pages\/88","targetHints":{"allow":["GET"]}}],"collection":[{"href":"https:\/\/www.zsnizbor.cz\/druzina\/wp-json\/wp\/v2\/pages"}],"about":[{"href":"https:\/\/www.zsnizbor.cz\/druzina\/wp-json\/wp\/v2\/types\/page"}],"author":[{"embeddable":true,"href":"https:\/\/www.zsnizbor.cz\/druzina\/wp-json\/wp\/v2\/users\/1"}],"replies":[{"embeddable":true,"href":"https:\/\/www.zsnizbor.cz\/druzina\/wp-json\/wp\/v2\/comments?post=88"}],"version-history":[{"count":6,"href":"https:\/\/www.zsnizbor.cz\/druzina\/wp-json\/wp\/v2\/pages\/88\/revisions"}],"predecessor-version":[{"id":1292,"href":"https:\/\/www.zsnizbor.cz\/druzina\/wp-json\/wp\/v2\/pages\/88\/revisions\/1292"}],"up":[{"embeddable":true,"href":"https:\/\/www.zsnizbor.cz\/druzina\/wp-json\/wp\/v2\/pages\/7"}],"wp:featuredmedia":[{"embeddable":true,"href":"https:\/\/www.zsnizbor.cz\/druzina\/wp-json\/wp\/v2\/media\/325"}],"wp:attachment":[{"href":"https:\/\/www.zsnizbor.cz\/druzina\/wp-json\/wp\/v2\/media?parent=88"}],"curies":[{"name":"wp","href":"https:\/\/api.w.org\/{rel}","templated":true}]}}