{"id":5,"date":"2020-09-16T11:20:07","date_gmt":"2020-09-16T11:20:07","guid":{"rendered":"https:\/\/novyweb.zsnizbor.cz\/druzina\/?page_id=5"},"modified":"2025-11-02T19:14:08","modified_gmt":"2025-11-02T19:14:08","slug":"informace","status":"publish","type":"page","link":"https:\/\/www.zsnizbor.cz\/druzina\/informace\/","title":{"rendered":"Informace"},"content":{"rendered":"<p>\u0160koln\u00ed dru\u017eina p\u0159i Z\u00e1kladn\u00ed \u0161kole Ni\u017ebor je z\u0159\u00edzena jako \u0161kolsk\u00e9 za\u0159\u00edzen\u00ed, kter\u00e9 poskytuje z\u00e1jmov\u00e9 vzd\u011bl\u00e1v\u00e1n\u00ed \u017e\u00e1k\u016fm z\u00e1kladn\u00ed \u0161koly podle vlastn\u00edho vzd\u011bl\u00e1vac\u00edho programu. \u0160koln\u00ed dru\u017eina slou\u017e\u00ed v\u00fdchov\u011b, vzd\u011bl\u00e1v\u00e1n\u00ed, rekrea\u010dn\u00ed, sportovn\u00ed a z\u00e1jmov\u00e9 \u010dinnosti \u017e\u00e1k\u016f v dob\u011b mimo vyu\u010dov\u00e1n\u00ed. Je ur\u010dena \u017e\u00e1k\u016fm na\u0161\u00ed \u0161koly. M\u00e1 kapacitu 75 \u017e\u00e1k\u016f, kte\u0159\u00ed jsou rozd\u011bleni do t\u0159\u00ed jednotliv\u00fdch odd\u011blen\u00ed. Program \u0161koln\u00ed dru\u017einy je definov\u00e1n ve \u0160koln\u00edm vzd\u011bl\u00e1vac\u00edm programu \u0160koln\u00ed dru\u017einy. Jeho dom\u00e9nou je celoro\u010dn\u00ed hra a pravideln\u00e9 aktivity, kter\u00e9 jsou v n\u011bm podrobn\u011b rozeps\u00e1ny. O \u017e\u00e1ky se staraj\u00ed t\u0159i kvalifikovan\u00e9 vychovatelky.<\/p>\n<p>\u00da\u010dast ve \u0161koln\u00ed dru\u017ein\u011b je podm\u00edn\u011bna p\u0159ihl\u00e1\u0161kou (Z\u00e1pisn\u00edm l\u00edstkem) d\u00edt\u011bte do \u0160D podepsanou a \u0159\u00e1dn\u011b vypln\u011bnou z\u00e1konn\u00fdmi z\u00e1stupci.<\/p>\n<p>Dom\u00e9nou \u010dinnosti na\u0161\u00ed \u0161koln\u00ed dru\u017einy je <strong>Celoro\u010dn\u00ed hra<\/strong>, kter\u00e1 prob\u00edh\u00e1 ka\u017ed\u00e9 \u00fater\u00fd.<\/p>\n<p>\u017d\u00e1d\u00e1me rodi\u010de o <strong>respektov\u00e1n\u00ed \u0158\u00e1du \u0161koln\u00ed dru\u017einy<\/strong>, p\u0159edev\u0161\u00edm o d\u016fsledn\u00e9 dodr\u017eov\u00e1n\u00ed \u010das\u016f p\u0159i vyzved\u00e1v\u00e1n\u00ed d\u011bt\u00ed. Rodi\u010d nebo ten, s k\u00fdm \u017e\u00e1k odch\u00e1z\u00ed ze \u0160D, zodpov\u00edd\u00e1 za nahl\u00e1\u0161en\u00ed odchodu d\u00edt\u011bte vychovatelce.<\/p>\n<p><a href=\"https:\/\/www.zsnizbor.cz\/druzina\/wp-content\/uploads\/sites\/2\/2020\/09\/Rad-Skolni-druziny-pri-ZS-Nizbor-2025.pdf\">R\u030ca\u0301d S\u030ckolni\u0301 druz\u030ciny pr\u030ci ZS\u030c Niz\u030cbor 2025<\/a><\/p>\n<p>Rodi\u010de nebo osoby jimi pov\u011b\u0159en\u00e9 si mohou <strong>vyzved\u00e1vat d\u011bti ze \u0160D pouze v dob\u011b do 13.15 h a d\u00e1le a\u017e po 14.45 h<\/strong>. V dob\u011b mezi 13.15 a 14.45 h prob\u00edhaj\u00ed ve \u0160D v souladu se \u0161k. \u0159\u00e1dem a \u0160VP \u0160D hlavn\u00ed vzd\u011bl\u00e1vac\u00ed, v\u00fdchovn\u00e9 a z\u00e1jmov\u00e9 \u010dinnosti. Vyzved\u00e1v\u00e1n\u00ed d\u011bt\u00ed v t\u00e9to dob\u011b velmi naru\u0161uje plynulost programu \u0160D.<\/p>\n<p>D\u011bkujeme za pochopen\u00ed a respektov\u00e1n\u00ed tohoto po\u017eadavku.<\/p>\n<p>Upozorn\u011bn\u00ed: Vzhledem k \u00faprav\u00e1m \u0161koln\u00edho h\u0159i\u0161t\u011b jsou z d\u016fvodu bezpe\u010dnosti i z d\u016fvodu zachov\u00e1n\u00ed kvality nov\u00e9ho za\u0159\u00edzen\u00ed zak\u00e1z\u00e1ny v are\u00e1lu \u0161koly a cel\u00e9ho pozemku \u017ev\u00fdka\u010dky.<\/p>\n<p><strong>Provoz dru\u017einy:<\/strong><\/p>\n<p>Rann\u00ed dru\u017eina je v provozu od 6.30 do 7.25 hod.<\/p>\n<p>Odpoledn\u00ed dru\u017eina je v provozu od 11.25 do 17.00 hod.<\/p>\n<p><strong>\u00dahrada \u0161koln\u00ed dru\u017einy<\/strong><\/p>\n<p>Stanoven\u00fd poplatek za \u0161kolsk\u00e9 slu\u017eby &#8211; \u0161koln\u00ed dru\u017einu \u010din\u00ed od 1. 9. 2025 do 30. 6. 2026\u00a0 <strong>250,- K\u010d<\/strong> (dv\u011bst\u011bpades\u00e1tkorun) na jedno d\u00edt\u011b p\u0159ihl\u00e1\u0161en\u00e9 do \u0161koln\u00ed dru\u017einy za jeden kalend\u00e1\u0159n\u00ed m\u011bs\u00edc, ve kter\u00e9m d\u00edt\u011b pravideln\u011b vyu\u017e\u00edv\u00e1 slu\u017eeb rann\u00ed nebo odpoledn\u00ed \u0161koln\u00ed dru\u017einy na z\u00e1klad\u011b p\u0159ihl\u00e1\u0161ky z\u00e1konn\u00fdch z\u00e1stupc\u016f.<\/p>\n<p>\u00daplata za z\u00e1jmov\u00e9 vzd\u011bl\u00e1v\u00e1n\u00ed ve \u0161koln\u00ed dru\u017ein\u011b je b\u011bhem \u0161koln\u00edho roku splatn\u00e1 ve dvou spl\u00e1tk\u00e1ch:<\/p>\n<p><strong>\u010c\u00e1stku za 1. pololet\u00ed 1.250,- K\u010d uhra\u010fte do 30.9.2025<\/strong><\/p>\n<p><strong>\u010c\u00e1stku za 2. pololet\u00ed 1.250,- K\u010d do 28.2.2026<\/strong><\/p>\n<p><strong>na \u010d\u00edslo \u00fa\u010dtu: 107-8304450277 \/ 0100<\/strong><\/p>\n<p><strong>!! Do zpr\u00e1vy pro p\u0159\u00edjemce uve\u010fte jm\u00e9no a p\u0159\u00edjmen\u00ed d\u00edt\u011bte<\/strong>, jinak nemus\u00ed b\u00fdt va\u0161e platba dohledateln\u00e1.<\/p>\n<p>Pros\u00edme, abyste pr\u016fb\u011b\u017en\u011b sledovali na\u0161e webov\u00e9 str\u00e1nky, na kter\u00fdch najdete aktu\u00e1ln\u00ed informace o \u010dinnosti \u0161koln\u00ed dru\u017einy. Budeme r\u00e1di, kdy\u017e se aktivn\u011b do na\u0161ich akc\u00ed zapoj\u00edte, jako tomu bylo v minul\u00fdch letech.<\/p>\n<p>Pros\u00edme v\u0161echny rodi\u010de, aby se na n\u00e1st\u011bnce nebo na webov\u00fdch str\u00e1nk\u00e1ch sezn\u00e1mili s \u0158\u00e1dem \u0161koln\u00ed dru\u017einy a se Sm\u011brnic\u00ed o \u00faplat\u011b za \u0161koln\u00ed dru\u017einu.<\/p>\n<p><a href=\"https:\/\/www.zsnizbor.cz\/druzina\/wp-content\/uploads\/sites\/2\/2020\/09\/Prispevek-na-provoz-SD-smernice-25-26.pdf\">Pr\u030ci\u0301spe\u030cvek na provoz S\u030cD &#8211; sme\u030crnice 25-26<\/a><\/p>\n","protected":false},"excerpt":{"rendered":"<p>\u0160koln\u00ed dru\u017eina p\u0159i Z\u00e1kladn\u00ed \u0161kole Ni\u017ebor je z\u0159\u00edzena jako \u0161kolsk\u00e9 za\u0159\u00edzen\u00ed, kter\u00e9 poskytuje z\u00e1jmov\u00e9 vzd\u011bl\u00e1v\u00e1n\u00ed [&hellip;]<\/p>\n","protected":false},"author":1,"featured_media":0,"parent":0,"menu_order":1,"comment_status":"closed","ping_status":"closed","template":"","meta":{"_acf_changed":false,"inline_featured_image":false,"footnotes":""},"class_list":["post-5","page","type-page","status-publish","hentry"],"acf":[],"_links":{"self":[{"href":"https:\/\/www.zsnizbor.cz\/druzina\/wp-json\/wp\/v2\/pages\/5","targetHints":{"allow":["GET"]}}],"collection":[{"href":"https:\/\/www.zsnizbor.cz\/druzina\/wp-json\/wp\/v2\/pages"}],"about":[{"href":"https:\/\/www.zsnizbor.cz\/druzina\/wp-json\/wp\/v2\/types\/page"}],"author":[{"embeddable":true,"href":"https:\/\/www.zsnizbor.cz\/druzina\/wp-json\/wp\/v2\/users\/1"}],"replies":[{"embeddable":true,"href":"https:\/\/www.zsnizbor.cz\/druzina\/wp-json\/wp\/v2\/comments?post=5"}],"version-history":[{"count":17,"href":"https:\/\/www.zsnizbor.cz\/druzina\/wp-json\/wp\/v2\/pages\/5\/revisions"}],"predecessor-version":[{"id":1296,"href":"https:\/\/www.zsnizbor.cz\/druzina\/wp-json\/wp\/v2\/pages\/5\/revisions\/1296"}],"wp:attachment":[{"href":"https:\/\/www.zsnizbor.cz\/druzina\/wp-json\/wp\/v2\/media?parent=5"}],"curies":[{"name":"wp","href":"https:\/\/api.w.org\/{rel}","templated":true}]}}