{"id":11,"date":"2020-09-16T11:21:42","date_gmt":"2020-09-16T11:21:42","guid":{"rendered":"https:\/\/novyweb.zsnizbor.cz\/druzina\/?page_id=11"},"modified":"2025-11-04T11:36:39","modified_gmt":"2025-11-04T11:36:39","slug":"dokumenty","status":"publish","type":"page","link":"https:\/\/www.zsnizbor.cz\/druzina\/dokumenty\/","title":{"rendered":"\u00da\u0159edn\u00ed deska"},"content":{"rendered":"<section><div class=\"section-heading\" aria-label=\"Tabulka p\u0159\u00edloh Dokumenty \u0161koln\u00ed dru\u017einy\">Dokumenty \u0161koln\u00ed dru\u017einy<\/div><ul class=\"attatable\" aria-label=\"P\u0159\u00edlohy\" role=\"list\">\n                <li class=\"attatable__item\" aria-label=\"P\u0159\u00edloha\" role=\"listitem\">                \n\t\t    \t   \n                    <div class=\"attatable__row attatable__title\">\u0160VP - \u0160D<\/div>\n                    <div class=\"attatable__row attatable__row--top\">                   \n                        <div class=\"attatable__date\">\n                        \t<div  style=\"display:flex;flex-direction: column;\">\n                                <div style=\"display:flex;flex-direction:row;align-items:center;min-width:117px;\"><img decoding=\"async\" src=\"https:\/\/www.zsnizbor.cz\/druzina\/wp-content\/themes\/zskd\/images\/calendar-check.svg\" width=\"23\" title=\"Vyv\u011b\u0161eno\" alt=\"Datum publikace: \" class=\"icon\" id=\"date-466\">15. 9. 2023<\/div>\t\t\t\t\t\t\n \t\t\t\t\t\t\t\t\n\t\t\t\t\t\t    <\/div>\n\t\t\t\t\t\t<\/div>\n                        <div class=\"attatable__author\"><img decoding=\"async\" src=\"https:\/\/www.zsnizbor.cz\/druzina\/wp-content\/themes\/zskd\/images\/person.svg\" width=\"18\" alt=\"Autor: \" class=\"icon\" id=\"author-466\">Kl\u00edmov\u00e1<\/div>\n                        <div class=\"attatable__type\"><img decoding=\"async\" src=\"https:\/\/www.zsnizbor.cz\/druzina\/wp-content\/themes\/zskd\/images\/info.svg\" width=\"18\" alt=\"Typ souboru: \" class=\"icon\" id=\"type-466\">pdf<\/div>\n                        <div class=\"attatable__comment-icon\"><img decoding=\"async\" src=\"https:\/\/www.zsnizbor.cz\/druzina\/wp-content\/themes\/zskd\/images\/comment.svg\" width=\"18\" style=\"position: relative; top: 4px;\" alt=\"Anotace: \" class=\"icon\" id=\"comment-466\"><\/div>\n                        <div class=\"attatable__comment\" ><\/div>\n                    <\/div>\n                    <div class=\"attatable__row attatable__row--bottom\">\n                        <div class=\"attatable__download\"><a href=\"https:\/\/www.zsnizbor.cz\/druzina\/wp-content\/uploads\/sites\/2\/2020\/09\/SVP-SD-1.pdf\" target=\"_blank\">ST\u00c1HNOUT<\/a><\/div>  \n                    <\/div>\n                <\/li>\n                <li class=\"attatable__item\" aria-label=\"P\u0159\u00edloha\" role=\"listitem\">                \n\t\t    \t   \n                    <div class=\"attatable__row attatable__title\">\u0158\u00e1d \u0161koln\u00ed dru\u017einy p\u0159i Z\u0160 Ni\u017ebor<\/div>\n                    <div class=\"attatable__row attatable__row--top\">                   \n                        <div class=\"attatable__date\">\n                        \t<div  style=\"display:flex;flex-direction: column;\">\n                                <div style=\"display:flex;flex-direction:row;align-items:center;min-width:117px;\"><img decoding=\"async\" src=\"https:\/\/www.zsnizbor.cz\/druzina\/wp-content\/themes\/zskd\/images\/calendar-check.svg\" width=\"23\" title=\"Vyv\u011b\u0161eno\" alt=\"Datum publikace: \" class=\"icon\" id=\"date-1372\">21. 11. 2025<\/div>\t\t\t\t\t\t\n \t\t\t\t\t\t\t\t\n\t\t\t\t\t\t    <\/div>\n\t\t\t\t\t\t<\/div>\n                        <div class=\"attatable__author\"><img decoding=\"async\" src=\"https:\/\/www.zsnizbor.cz\/druzina\/wp-content\/themes\/zskd\/images\/person.svg\" width=\"18\" alt=\"Autor: \" class=\"icon\" id=\"author-1372\">Kl\u00edmov\u00e1<\/div>\n                        <div class=\"attatable__type\"><img decoding=\"async\" src=\"https:\/\/www.zsnizbor.cz\/druzina\/wp-content\/themes\/zskd\/images\/info.svg\" width=\"18\" alt=\"Typ souboru: \" class=\"icon\" id=\"type-1372\">pdf<\/div>\n                        <div class=\"attatable__comment-icon\"><img decoding=\"async\" src=\"https:\/\/www.zsnizbor.cz\/druzina\/wp-content\/themes\/zskd\/images\/comment.svg\" width=\"18\" style=\"position: relative; top: 4px;\" alt=\"Anotace: \" class=\"icon\" id=\"comment-1372\"><\/div>\n                        <div class=\"attatable__comment\" ><\/div>\n                    <\/div>\n                    <div class=\"attatable__row attatable__row--bottom\">\n                        <div class=\"attatable__download\"><a href=\"https:\/\/www.zsnizbor.cz\/druzina\/wp-content\/uploads\/sites\/2\/2020\/09\/Rad-Skolni-druziny-pri-ZS-Nizbor-2025-.pdf\" target=\"_blank\">ST\u00c1HNOUT<\/a><\/div>  \n                    <\/div>\n                <\/li>\n                <li class=\"attatable__item\" aria-label=\"P\u0159\u00edloha\" role=\"listitem\">                \n\t\t    \t   \n                    <div class=\"attatable__row attatable__title\">Stanoven\u00ed v\u00fd\u0161e uplaty za rok 2025\/2026<\/div>\n                    <div class=\"attatable__row attatable__row--top\">                   \n                        <div class=\"attatable__date\">\n                        \t<div  style=\"display:flex;flex-direction: column;\">\n                                <div style=\"display:flex;flex-direction:row;align-items:center;min-width:117px;\"><img decoding=\"async\" src=\"https:\/\/www.zsnizbor.cz\/druzina\/wp-content\/themes\/zskd\/images\/calendar-check.svg\" width=\"23\" title=\"Vyv\u011b\u0161eno\" alt=\"Datum publikace: \" class=\"icon\" id=\"date-1286\">6. 9. 2025<\/div>\t\t\t\t\t\t\n \t\t\t\t\t\t\t\t\n\t\t\t\t\t\t    <\/div>\n\t\t\t\t\t\t<\/div>\n                        <div class=\"attatable__author\"><img decoding=\"async\" src=\"https:\/\/www.zsnizbor.cz\/druzina\/wp-content\/themes\/zskd\/images\/person.svg\" width=\"18\" alt=\"Autor: \" class=\"icon\" id=\"author-1286\">Kl\u00edmov\u00e1<\/div>\n                        <div class=\"attatable__type\"><img decoding=\"async\" src=\"https:\/\/www.zsnizbor.cz\/druzina\/wp-content\/themes\/zskd\/images\/info.svg\" width=\"18\" alt=\"Typ souboru: \" class=\"icon\" id=\"type-1286\">pdf<\/div>\n                        <div class=\"attatable__comment-icon\"><img decoding=\"async\" src=\"https:\/\/www.zsnizbor.cz\/druzina\/wp-content\/themes\/zskd\/images\/comment.svg\" width=\"18\" style=\"position: relative; top: 4px;\" alt=\"Anotace: \" class=\"icon\" id=\"comment-1286\"><\/div>\n                        <div class=\"attatable__comment\" ><\/div>\n                    <\/div>\n                    <div class=\"attatable__row attatable__row--bottom\">\n                        <div class=\"attatable__download\"><a href=\"https:\/\/www.zsnizbor.cz\/druzina\/wp-content\/uploads\/sites\/2\/2020\/09\/Prispevek-na-provoz-SD-smernice-25-26.pdf\" target=\"_blank\">ST\u00c1HNOUT<\/a><\/div>  \n                    <\/div>\n                <\/li>\n                <li class=\"attatable__item\" aria-label=\"P\u0159\u00edloha\" role=\"listitem\">                \n\t\t    \t   \n                    <div class=\"attatable__row attatable__title\">\u017d\u00e1dost o uvoln\u011bn\u00ed ze \u0160D<\/div>\n                    <div class=\"attatable__row attatable__row--top\">                   \n                        <div class=\"attatable__date\">\n                        \t<div  style=\"display:flex;flex-direction: column;\">\n                                <div style=\"display:flex;flex-direction:row;align-items:center;min-width:117px;\"><img decoding=\"async\" src=\"https:\/\/www.zsnizbor.cz\/druzina\/wp-content\/themes\/zskd\/images\/calendar-check.svg\" width=\"23\" title=\"Vyv\u011b\u0161eno\" alt=\"Datum publikace: \" class=\"icon\" id=\"date-59\">17. 9. 2020<\/div>\t\t\t\t\t\t\n \t\t\t\t\t\t\t\t\n\t\t\t\t\t\t    <\/div>\n\t\t\t\t\t\t<\/div>\n                        <div class=\"attatable__author\"><img decoding=\"async\" src=\"https:\/\/www.zsnizbor.cz\/druzina\/wp-content\/themes\/zskd\/images\/person.svg\" width=\"18\" alt=\"Autor: \" class=\"icon\" id=\"author-59\">Admin<\/div>\n                        <div class=\"attatable__type\"><img decoding=\"async\" src=\"https:\/\/www.zsnizbor.cz\/druzina\/wp-content\/themes\/zskd\/images\/info.svg\" width=\"18\" alt=\"Typ souboru: \" class=\"icon\" id=\"type-59\">pdf<\/div>\n                        <div class=\"attatable__comment-icon\"><img decoding=\"async\" src=\"https:\/\/www.zsnizbor.cz\/druzina\/wp-content\/themes\/zskd\/images\/comment.svg\" width=\"18\" style=\"position: relative; top: 4px;\" alt=\"Anotace: \" class=\"icon\" id=\"comment-59\"><\/div>\n                        <div class=\"attatable__comment\" ><\/div>\n                    <\/div>\n                    <div class=\"attatable__row attatable__row--bottom\">\n                        <div class=\"attatable__download\"><a href=\"https:\/\/www.zsnizbor.cz\/druzina\/wp-content\/uploads\/sites\/2\/2020\/09\/Zadost-o-uvolneni-ze-SD1.pdf\" target=\"_blank\">ST\u00c1HNOUT<\/a><\/div>  \n                    <\/div>\n                <\/li>\n                <li class=\"attatable__item\" aria-label=\"P\u0159\u00edloha\" role=\"listitem\">                \n\t\t    \t   \n                    <div class=\"attatable__row attatable__title\">P\u0159ihl\u00e1\u0161ka do \u0160D<\/div>\n                    <div class=\"attatable__row attatable__row--top\">                   \n                        <div class=\"attatable__date\">\n                        \t<div  style=\"display:flex;flex-direction: column;\">\n                                <div style=\"display:flex;flex-direction:row;align-items:center;min-width:117px;\"><img decoding=\"async\" src=\"https:\/\/www.zsnizbor.cz\/druzina\/wp-content\/themes\/zskd\/images\/calendar-check.svg\" width=\"23\" title=\"Vyv\u011b\u0161eno\" alt=\"Datum publikace: \" class=\"icon\" id=\"date-369\">27. 8. 2021<\/div>\t\t\t\t\t\t\n \t\t\t\t\t\t\t\t\n\t\t\t\t\t\t    <\/div>\n\t\t\t\t\t\t<\/div>\n                        <div class=\"attatable__author\"><img decoding=\"async\" src=\"https:\/\/www.zsnizbor.cz\/druzina\/wp-content\/themes\/zskd\/images\/person.svg\" width=\"18\" alt=\"Autor: \" class=\"icon\" id=\"author-369\">Kl\u00edmov\u00e1<\/div>\n                        <div class=\"attatable__type\"><img decoding=\"async\" src=\"https:\/\/www.zsnizbor.cz\/druzina\/wp-content\/themes\/zskd\/images\/info.svg\" width=\"18\" alt=\"Typ souboru: \" class=\"icon\" id=\"type-369\">jpg<\/div>\n                        <div class=\"attatable__comment-icon\"><img decoding=\"async\" src=\"https:\/\/www.zsnizbor.cz\/druzina\/wp-content\/themes\/zskd\/images\/comment.svg\" width=\"18\" style=\"position: relative; top: 4px;\" alt=\"Anotace: \" class=\"icon\" id=\"comment-369\"><\/div>\n                        <div class=\"attatable__comment\" ><\/div>\n                    <\/div>\n                    <div class=\"attatable__row attatable__row--bottom\">\n                        <div class=\"attatable__download\"><a href=\"https:\/\/www.zsnizbor.cz\/druzina\/wp-content\/uploads\/sites\/2\/2021\/08\/Prihlaska-SD-scaled.jpg\" target=\"_blank\">ST\u00c1HNOUT<\/a><\/div>  \n                    <\/div>\n                <\/li>\n                <li class=\"attatable__item\" aria-label=\"P\u0159\u00edloha\" role=\"listitem\">                \n\t\t    \t   \n                    <div class=\"attatable__row attatable__title\">Odhl\u00e1\u0161ka ze \u0160D<\/div>\n                    <div class=\"attatable__row attatable__row--top\">                   \n                        <div class=\"attatable__date\">\n                        \t<div  style=\"display:flex;flex-direction: column;\">\n                                <div style=\"display:flex;flex-direction:row;align-items:center;min-width:117px;\"><img decoding=\"async\" src=\"https:\/\/www.zsnizbor.cz\/druzina\/wp-content\/themes\/zskd\/images\/calendar-check.svg\" width=\"23\" title=\"Vyv\u011b\u0161eno\" alt=\"Datum publikace: \" class=\"icon\" id=\"date-361\">3. 3. 2021<\/div>\t\t\t\t\t\t\n \t\t\t\t\t\t\t\t\n\t\t\t\t\t\t    <\/div>\n\t\t\t\t\t\t<\/div>\n                        <div class=\"attatable__author\"><img decoding=\"async\" src=\"https:\/\/www.zsnizbor.cz\/druzina\/wp-content\/themes\/zskd\/images\/person.svg\" width=\"18\" alt=\"Autor: \" class=\"icon\" id=\"author-361\">Kl\u00edmov\u00e1<\/div>\n                        <div class=\"attatable__type\"><img decoding=\"async\" src=\"https:\/\/www.zsnizbor.cz\/druzina\/wp-content\/themes\/zskd\/images\/info.svg\" width=\"18\" alt=\"Typ souboru: \" class=\"icon\" id=\"type-361\">pdf<\/div>\n                        <div class=\"attatable__comment-icon\"><img decoding=\"async\" src=\"https:\/\/www.zsnizbor.cz\/druzina\/wp-content\/themes\/zskd\/images\/comment.svg\" width=\"18\" style=\"position: relative; top: 4px;\" alt=\"Anotace: \" class=\"icon\" id=\"comment-361\"><\/div>\n                        <div class=\"attatable__comment\" ><\/div>\n                    <\/div>\n                    <div class=\"attatable__row attatable__row--bottom\">\n                        <div class=\"attatable__download\"><a href=\"https:\/\/www.zsnizbor.cz\/druzina\/wp-content\/uploads\/sites\/2\/2020\/09\/Odhlaska-ze-SD.pdf\" target=\"_blank\">ST\u00c1HNOUT<\/a><\/div>  \n                    <\/div>\n                <\/li>\n                <li class=\"attatable__item\" aria-label=\"P\u0159\u00edloha\" role=\"listitem\">                \n\t\t    \t   \n                    <div class=\"attatable__row attatable__title\">P\u0159ihl\u00e1\u0161ka ke stravov\u00e1n\u00ed<\/div>\n                    <div class=\"attatable__row attatable__row--top\">                   \n                        <div class=\"attatable__date\">\n                        \t<div  style=\"display:flex;flex-direction: column;\">\n                                <div style=\"display:flex;flex-direction:row;align-items:center;min-width:117px;\"><img decoding=\"async\" src=\"https:\/\/www.zsnizbor.cz\/druzina\/wp-content\/themes\/zskd\/images\/calendar-check.svg\" width=\"23\" title=\"Vyv\u011b\u0161eno\" alt=\"Datum publikace: \" class=\"icon\" id=\"date-1288\">8. 9. 2025<\/div>\t\t\t\t\t\t\n \t\t\t\t\t\t\t\t\n\t\t\t\t\t\t    <\/div>\n\t\t\t\t\t\t<\/div>\n                        <div class=\"attatable__author\"><img decoding=\"async\" src=\"https:\/\/www.zsnizbor.cz\/druzina\/wp-content\/themes\/zskd\/images\/person.svg\" width=\"18\" alt=\"Autor: \" class=\"icon\" id=\"author-1288\">Kl\u00edmov\u00e1<\/div>\n                        <div class=\"attatable__type\"><img decoding=\"async\" src=\"https:\/\/www.zsnizbor.cz\/druzina\/wp-content\/themes\/zskd\/images\/info.svg\" width=\"18\" alt=\"Typ souboru: \" class=\"icon\" id=\"type-1288\">pdf<\/div>\n                        <div class=\"attatable__comment-icon\"><img decoding=\"async\" src=\"https:\/\/www.zsnizbor.cz\/druzina\/wp-content\/themes\/zskd\/images\/comment.svg\" width=\"18\" style=\"position: relative; top: 4px;\" alt=\"Anotace: \" class=\"icon\" id=\"comment-1288\"><\/div>\n                        <div class=\"attatable__comment\" ><\/div>\n                    <\/div>\n                    <div class=\"attatable__row attatable__row--bottom\">\n                        <div class=\"attatable__download\"><a href=\"https:\/\/www.zsnizbor.cz\/druzina\/wp-content\/uploads\/sites\/2\/2020\/09\/SJ-prihlaska-stravovani.pdf\" target=\"_blank\">ST\u00c1HNOUT<\/a><\/div>  \n                    <\/div>\n                <\/li>\n                <li class=\"attatable__item\" aria-label=\"P\u0159\u00edloha\" role=\"listitem\">                \n\t\t    \t   \n                    <div class=\"attatable__row attatable__title\">\u0158\u00e1d \u0161koln\u00ed j\u00eddelny<\/div>\n                    <div class=\"attatable__row attatable__row--top\">                   \n                        <div class=\"attatable__date\">\n                        \t<div  style=\"display:flex;flex-direction: column;\">\n                                <div style=\"display:flex;flex-direction:row;align-items:center;min-width:117px;\"><img decoding=\"async\" src=\"https:\/\/www.zsnizbor.cz\/druzina\/wp-content\/themes\/zskd\/images\/calendar-check.svg\" width=\"23\" title=\"Vyv\u011b\u0161eno\" alt=\"Datum publikace: \" class=\"icon\" id=\"date-1287\">6. 9. 2025<\/div>\t\t\t\t\t\t\n \t\t\t\t\t\t\t\t\n\t\t\t\t\t\t    <\/div>\n\t\t\t\t\t\t<\/div>\n                        <div class=\"attatable__author\"><img decoding=\"async\" src=\"https:\/\/www.zsnizbor.cz\/druzina\/wp-content\/themes\/zskd\/images\/person.svg\" width=\"18\" alt=\"Autor: \" class=\"icon\" id=\"author-1287\">Kl\u00edmov\u00e1<\/div>\n                        <div class=\"attatable__type\"><img decoding=\"async\" src=\"https:\/\/www.zsnizbor.cz\/druzina\/wp-content\/themes\/zskd\/images\/info.svg\" width=\"18\" alt=\"Typ souboru: \" class=\"icon\" id=\"type-1287\">pdf<\/div>\n                        <div class=\"attatable__comment-icon\"><img decoding=\"async\" src=\"https:\/\/www.zsnizbor.cz\/druzina\/wp-content\/themes\/zskd\/images\/comment.svg\" width=\"18\" style=\"position: relative; top: 4px;\" alt=\"Anotace: \" class=\"icon\" id=\"comment-1287\"><\/div>\n                        <div class=\"attatable__comment\" ><\/div>\n                    <\/div>\n                    <div class=\"attatable__row attatable__row--bottom\">\n                        <div class=\"attatable__download\"><a href=\"https:\/\/www.zsnizbor.cz\/druzina\/wp-content\/uploads\/sites\/2\/2020\/09\/RAD-SKOLNI-JIDELNY-2.pdf\" target=\"_blank\">ST\u00c1HNOUT<\/a><\/div>  \n                    <\/div>\n                <\/li><\/ul><\/section>\n","protected":false},"excerpt":{"rendered":"","protected":false},"author":1,"featured_media":0,"parent":0,"menu_order":4,"comment_status":"closed","ping_status":"closed","template":"","meta":{"_acf_changed":false,"inline_featured_image":false,"footnotes":""},"class_list":["post-11","page","type-page","status-publish","hentry"],"acf":[],"_links":{"self":[{"href":"https:\/\/www.zsnizbor.cz\/druzina\/wp-json\/wp\/v2\/pages\/11","targetHints":{"allow":["GET"]}}],"collection":[{"href":"https:\/\/www.zsnizbor.cz\/druzina\/wp-json\/wp\/v2\/pages"}],"about":[{"href":"https:\/\/www.zsnizbor.cz\/druzina\/wp-json\/wp\/v2\/types\/page"}],"author":[{"embeddable":true,"href":"https:\/\/www.zsnizbor.cz\/druzina\/wp-json\/wp\/v2\/users\/1"}],"replies":[{"embeddable":true,"href":"https:\/\/www.zsnizbor.cz\/druzina\/wp-json\/wp\/v2\/comments?post=11"}],"version-history":[{"count":4,"href":"https:\/\/www.zsnizbor.cz\/druzina\/wp-json\/wp\/v2\/pages\/11\/revisions"}],"predecessor-version":[{"id":1301,"href":"https:\/\/www.zsnizbor.cz\/druzina\/wp-json\/wp\/v2\/pages\/11\/revisions\/1301"}],"wp:attachment":[{"href":"https:\/\/www.zsnizbor.cz\/druzina\/wp-json\/wp\/v2\/media?parent=11"}],"curies":[{"name":"wp","href":"https:\/\/api.w.org\/{rel}","templated":true}]}}